{"id":704,"date":"2020-05-06T09:52:43","date_gmt":"2020-05-06T09:52:43","guid":{"rendered":"https:\/\/armeedusalut.be\/liege\/?page_id=704"},"modified":"2023-05-30T09:32:49","modified_gmt":"2023-05-30T09:32:49","slug":"a-propos-de-nous","status":"publish","type":"page","link":"https:\/\/armeedusalut.be\/liege\/a-propos-de-nous\/","title":{"rendered":"\u00c0 propos de nous"},"content":{"rendered":"<div class=\"wpb-content-wrapper\">[vc_row full_width=\u00a0\u00bbstretch_row\u00a0\u00bb content_placement=\u00a0\u00bbmiddle\u00a0\u00bb wpex_bg_overlay=\u00a0\u00bbdark\u00a0\u00bb remove_bottom_col_margin=\u00a0\u00bbtrue\u00a0\u00bb wpex_post_thumbnail_bg=\u00a0\u00bbtrue\u00a0\u00bb min_height=\u00a0\u00bb450&Prime; css=\u00a0\u00bb.vc_custom_1579251758370{background-position: center !important;background-repeat: no-repeat !important;background-size: cover !important;}\u00a0\u00bb wpex_bg_position=\u00a0\u00bbcenter center\u00a0\u00bb el_class=\u00a0\u00bbsalut-sites\u00a0\u00bb wpex_bg_overlay_color=\u00a0\u00bb#3f3f3f\u00a0\u00bb wpex_bg_overlay_opacity=\u00a0\u00bb.45&Prime;][vc_column]<style>.vcex-heading.vcex_69f57f1ae2f39{color:#ffffff;font-size:40px;text-transform:uppercase;line-height:60px;}<\/style><h1 class=\"vcex-heading vcex-heading-plain vcex-module wpex-heading wpex-text-2xl wpex-text-center vcex_69f57f1ae2f39\"><span class=\"vcex-heading-inner wpex-inline-block\">\u00c0 propos de nous<\/span><\/h1>[\/vc_column][\/vc_row][vc_row full_width=\u00a0\u00bbstretch_row\u00a0\u00bb content_placement=\u00a0\u00bbmiddle\u00a0\u00bb remove_bottom_col_margin=\u00a0\u00bbtrue\u00a0\u00bb css=\u00a0\u00bb.vc_custom_1588772540729{margin-bottom: 40px !important;padding-top: 20px !important;padding-bottom: 15px !important;background-color: #e21e26 !important;}\u00a0\u00bb][vc_column]<style>.vcex-multi-buttons.vcex_69f57f1ae323b .theme-button,.vcex-multi-buttons.vcex_69f57f1ae323b .theme-txt-link{padding-inline:20px;border-radius:2px;}<\/style><div class=\"vcex-multi-buttons wpex-flex wpex-flex-wrap wpex-items-center wpex-gap-10 wpex-justify-center salut-sitenav vcex-small-screen-full-width vcex_69f57f1ae323b\"><a href=\"https:\/\/armeedusalut.be\/liege\/page-pour-les-benevoles\/\" title=\"Page pour les b\u00e9n\u00e9voles\" class=\"theme-button flat white outline-transparent local-scroll-link wpex-text-center vcex-count-1\">Extranet<\/a><a href=\"https:\/\/armeedusalut.be\/liege\/douche\/\" title=\"Page pour les b\u00e9n\u00e9voles\" class=\"theme-button flat white outline-transparent local-scroll-link wpex-text-center vcex-count-2\">R\u00e9server une douche<\/a><a href=\"https:\/\/armeedusalut.be\/liege\/faire-un-don\" class=\"theme-button outline white local-scroll-link wpex-text-center vcex-count-3\">Faire un don<\/a><\/div>[\/vc_column][\/vc_row][vc_row full_width=\u00a0\u00bbstretch_row\u00a0\u00bb remove_bottom_col_margin=\u00a0\u00bbtrue\u00a0\u00bb local_scroll_id=\u00a0\u00bbhistoire\u00a0\u00bb css=\u00a0\u00bb.vc_custom_1588762064926{padding-top: 70px !important;padding-bottom: 50px !important;}\u00a0\u00bb][vc_column width=\u00a0\u00bb1\/2&Prime;][vc_column_text css=\u00a0\u00bb.vc_custom_1685439153317{padding-bottom: 25px !important;}\u00a0\u00bb visibility=\u00a0\u00bb\u00a0\u00bb font_size=\u00a0\u00bb\u00a0\u00bb line_height=\u00a0\u00bb\u00a0\u00bb letter_spacing=\u00a0\u00bb\u00a0\u00bb font_weight=\u00a0\u00bb\u00a0\u00bb text_transform=\u00a0\u00bb\u00a0\u00bb responsive_text_min_max=\u00a0\u00bb\u00a0\u00bb]\n<h2>Notre mission<\/h2>\n<p><strong>L\u2019Arm\u00e9e du Salut de Li\u00e8ge<\/strong> n\u00e9cessitait un certain renouveau, un projet qui corresponde \u00e0 la soci\u00e9t\u00e9 d\u2019aujourd\u2019hui et \u00e0 ses besoins. Nos actions en partenariat avec des entreprises locales et le r\u00e9seau associatif, favorisent ainsi une coh\u00e9sion sociale au sein du quartier de Ch\u00ean\u00e9e.<\/p>\n<p>La lutte contre l\u2019exclusion, le tra\ufb01c humain, les loisirs pour tous, l\u2019alimentation, seront toujours les points forts de nos actions sociales. Ce Centre Communautaire o\ufb00re \u00e9galement des animations de loisirs pour les enfants, des ateliers autour de la parentalit\u00e9, un accompagnement \u00e0 la recherche d\u2019emploi.<\/p>\n<p>Ce nouvel espace permet d\u2019accueillir un large public, de toutes cat\u00e9gories sociales. Nous d\u00e9sirons aider, accompagner et soutenir les personnes quel que soit leur \u00e2ge, sans discrimination.<\/p>\n<p>Ce lieu est un espace o\u00f9 il est bon de se retrouver, autour d\u2019un caf\u00e9, d\u2019un repas.<\/p>\n<p>L\u2019Arm\u00e9e du Salut, mouvement international, appartient \u00e0 l\u2019\u00c9glise chr\u00e9tienne universelle. Une part de sa mission est de partager l\u2019\u00c9vangile et de soulager en son nom les d\u00e9tresses humaines, sans aucune distinction.<\/p>\n<p>Notre d\u00e9sir est d\u2019exprimer l\u2019Amour de Dieu au travers de nos actions, ceci sans pros\u00e9lytisme. Nous croyons que par l\u2019attention envers autrui, bien des personnes pourront \u00eatre soulag\u00e9es de leurs maux.[\/vc_column_text][\/vc_column][vc_column width=\u00a0\u00bb1\/2&Prime;][vc_single_image image=\u00a0\u00bb1232&Prime; visibility=\u00a0\u00bb\u00a0\u00bb img_filter=\u00a0\u00bb\u00a0\u00bb img_hover=\u00a0\u00bb\u00a0\u00bb]<div class=\"vcex-spacing wpex-w-100 wpex-clear\"><\/div>[vc_single_image image=\u00a0\u00bb1233&Prime; visibility=\u00a0\u00bb\u00a0\u00bb img_filter=\u00a0\u00bb\u00a0\u00bb img_hover=\u00a0\u00bb\u00a0\u00bb][\/vc_column][\/vc_row][vc_row full_width=\u00a0\u00bbstretch_row\u00a0\u00bb remove_bottom_col_margin=\u00a0\u00bbtrue\u00a0\u00bb local_scroll_id=\u00a0\u00bbhistoire\u00a0\u00bb css=\u00a0\u00bb.vc_custom_1585900626905{padding-top: 50px !important;padding-bottom: 50px !important;}\u00a0\u00bb][vc_column width=\u00a0\u00bb1\/2&Prime;][vc_single_image image=\u00a0\u00bb734&Prime;][\/vc_column][vc_column width=\u00a0\u00bb1\/2&Prime;][vc_column_text css=\u00a0\u00bb.vc_custom_1585900145147{padding-bottom: 25px !important;}\u00a0\u00bb]\n<h2>Notre Histoire<\/h2>\n<p>En 1878, un jeune pasteur anglais, William Booth, cr\u00e9e l\u2019Arm\u00e9e du Salut. Avec son \u00e9pouse Catherine, ils se lancent dans une aventure qu\u2019ils n\u2019auraient pu imaginer. Aujourd\u2019hui, l\u2019Arm\u00e9e du Salut est pr\u00e9sente dans 128 pays et ses missions sont toujours d\u2019actualit\u00e9.<\/p>\n<p>En 1889, l\u2019Arm\u00e9e du Salut est install\u00e9e en Belgique, elle sera rapidement soutenue par la F\u00e9d\u00e9ration protestante de Belgique, dont elle en est membre. Elle se d\u00e9veloppera assez rapidement pour s\u2019installer \u00e0 Li\u00e8ge le 21 mars 1891, Boulevard de la Sauveni\u00e8re. En 1934 ouverture de l\u2019h\u00f4tellerie et en 1936 ouverture du chantier de r\u00e9insertion.<\/p>\n<p>L\u2019Arm\u00e9e du Salut est connue pour ses actions \u00e0 No\u00ebl et les c\u00e9l\u00e8bres marmites pour les repas de no\u00ebl des isol\u00e9s, on la connait pour les colis alimentaires, magasins de seconde main \u2026 mais ceci n\u2019est qu\u2019un petit aper\u00e7u de ce qu\u2019elle fait r\u00e9ellement.<\/p>\n<p>L\u2019Arm\u00e9e du Salut est discr\u00e8te dans ses actions, pour le respect de tous, mais elle fait tant de choses\u00a0: Colonies d\u2019enfants, animations aupr\u00e8s des personnes \u00e2g\u00e9es, visites \u00e0 domicile pour les isol\u00e9s, \u2026<\/p>\n<p>Notre soci\u00e9t\u00e9 ne sait pas toujours o\u00f9 elle va, mais nous pouvons vous assurer qu\u2019en nos locaux, vous trouverez accueil, chaleur et amiti\u00e9, parce que nous partageons gratuitement et que chaque personne qui entre chez nous a de la valeur.[\/vc_column_text][\/vc_column][\/vc_row][vc_row full_width=\u00a0\u00bbstretch_row\u00a0\u00bb remove_bottom_col_margin=\u00a0\u00bbtrue\u00a0\u00bb css=\u00a0\u00bb.vc_custom_1585900210308{padding-top: 50px !important;padding-bottom: 50px !important;background-color: #f0f0ee !important;}\u00a0\u00bb local_scroll_id=\u00a0\u00bbcontact\u00a0\u00bb][vc_column width=\u00a0\u00bb1\/2&Prime;]<h2 class=\"vcex-heading vcex-heading-plain vcex-module wpex-heading wpex-text-2xl\"><span class=\"vcex-heading-inner wpex-inline-block\">Contact<\/span><\/h2><div class=\"vcex-form-shortcode vcex-module wpex-form wpex-m-auto wpex-max-w-100 full-width-input\"><script>\nvar gform;gform||(document.addEventListener(\"gform_main_scripts_loaded\",function(){gform.scriptsLoaded=!0}),document.addEventListener(\"gform\/theme\/scripts_loaded\",function(){gform.themeScriptsLoaded=!0}),window.addEventListener(\"DOMContentLoaded\",function(){gform.domLoaded=!0}),gform={domLoaded:!1,scriptsLoaded:!1,themeScriptsLoaded:!1,isFormEditor:()=>\"function\"==typeof InitializeEditor,callIfLoaded:function(o){return!(!gform.domLoaded||!gform.scriptsLoaded||!gform.themeScriptsLoaded&&!gform.isFormEditor()||(gform.isFormEditor()&&console.warn(\"The use of gform.initializeOnLoaded() is deprecated in the form editor context and will be removed in Gravity Forms 3.1.\"),o(),0))},initializeOnLoaded:function(o){gform.callIfLoaded(o)||(document.addEventListener(\"gform_main_scripts_loaded\",()=>{gform.scriptsLoaded=!0,gform.callIfLoaded(o)}),document.addEventListener(\"gform\/theme\/scripts_loaded\",()=>{gform.themeScriptsLoaded=!0,gform.callIfLoaded(o)}),window.addEventListener(\"DOMContentLoaded\",()=>{gform.domLoaded=!0,gform.callIfLoaded(o)}))},hooks:{action:{},filter:{}},addAction:function(o,r,e,t){gform.addHook(\"action\",o,r,e,t)},addFilter:function(o,r,e,t){gform.addHook(\"filter\",o,r,e,t)},doAction:function(o){gform.doHook(\"action\",o,arguments)},applyFilters:function(o){return gform.doHook(\"filter\",o,arguments)},removeAction:function(o,r){gform.removeHook(\"action\",o,r)},removeFilter:function(o,r,e){gform.removeHook(\"filter\",o,r,e)},addHook:function(o,r,e,t,n){null==gform.hooks[o][r]&&(gform.hooks[o][r]=[]);var d=gform.hooks[o][r];null==n&&(n=r+\"_\"+d.length),gform.hooks[o][r].push({tag:n,callable:e,priority:t=null==t?10:t})},doHook:function(r,o,e){var t;if(e=Array.prototype.slice.call(e,1),null!=gform.hooks[r][o]&&((o=gform.hooks[r][o]).sort(function(o,r){return o.priority-r.priority}),o.forEach(function(o){\"function\"!=typeof(t=o.callable)&&(t=window[t]),\"action\"==r?t.apply(null,e):e[0]=t.apply(null,e)})),\"filter\"==r)return e[0]},removeHook:function(o,r,t,n){var e;null!=gform.hooks[o][r]&&(e=(e=gform.hooks[o][r]).filter(function(o,r,e){return!!(null!=n&&n!=o.tag||null!=t&&t!=o.priority)}),gform.hooks[o][r]=e)}});\n<\/script>\n\n                <div class='gf_browser_gecko gform_wrapper gform_legacy_markup_wrapper gform-theme--no-framework' data-form-theme='legacy' data-form-index='0' id='gform_wrapper_1' ><div id='gf_1' class='gform_anchor' tabindex='-1'><\/div><form method='post' enctype='multipart\/form-data' target='gform_ajax_frame_1' id='gform_1'  action='\/liege\/wp-json\/wp\/v2\/pages\/704#gf_1' data-formid='1' novalidate>\n                        <div class='gform-body gform_body'><ul id='gform_fields_1' class='gform_fields top_label form_sublabel_below description_below validation_below'><li id=\"field_1_1\" class=\"gfield gfield--type-name gfield_contains_required field_sublabel_hidden_label gfield--no-description field_description_below field_validation_below gfield_visibility_visible\"  ><label class='gfield_label gform-field-label gfield_label_before_complex' >Votre nom<span class=\"gfield_required\"><span class=\"gfield_required gfield_required_asterisk\">*<\/span><\/span><\/label><div class='ginput_complex ginput_container ginput_container--name no_prefix has_first_name no_middle_name no_last_name no_suffix gf_name_has_1 ginput_container_name gform-grid-row' id='input_1_1'>\n                            \n                            <span id='input_1_1_3_container' class='name_first gform-grid-col gform-grid-col--size-auto' >\n                                                    <input type='text' name='input_1.3' id='input_1_1_3' value=''   aria-required='true'     \/>\n                                                    <label for='input_1_1_3' class='gform-field-label gform-field-label--type-sub hidden_sub_label screen-reader-text'>First<\/label>\n                                                <\/span>\n                            \n                            \n                            \n                        <\/div><\/li><li id=\"field_1_4\" class=\"gfield gfield--type-phone field_sublabel_below gfield--no-description field_description_below field_validation_below gfield_visibility_visible\"  ><label class='gfield_label gform-field-label' for='input_1_4'>Num\u00e9ro de t\u00e9l\u00e9phone<\/label><div class='ginput_container ginput_container_phone'><input name='input_4' id='input_1_4' type='tel' value='' class='medium'    aria-invalid=\"false\"   \/><\/div><\/li><li id=\"field_1_2\" class=\"gfield gfield--type-email gfield_contains_required field_sublabel_below gfield--no-description field_description_below field_validation_below gfield_visibility_visible\"  ><label class='gfield_label gform-field-label' for='input_1_2'>Adresse Mail<span class=\"gfield_required\"><span class=\"gfield_required gfield_required_asterisk\">*<\/span><\/span><\/label><div class='ginput_container ginput_container_email'>\n                            <input name='input_2' id='input_1_2' type='email' value='' class='medium'    aria-required=\"true\" aria-invalid=\"false\"  \/>\n                        <\/div><\/li><li id=\"field_1_5\" class=\"gfield gfield--type-text field_sublabel_below gfield--no-description field_description_below field_validation_below gfield_visibility_visible\"  ><label class='gfield_label gform-field-label' for='input_1_5'>Entreprise<\/label><div class='ginput_container ginput_container_text'><input name='input_5' id='input_1_5' type='text' value='' class='medium'      aria-invalid=\"false\"   \/><\/div><\/li><li id=\"field_1_3\" class=\"gfield gfield--type-textarea gfield_contains_required field_sublabel_below gfield--no-description field_description_below field_validation_below gfield_visibility_visible\"  ><label class='gfield_label gform-field-label' for='input_1_3'>Message<span class=\"gfield_required\"><span class=\"gfield_required gfield_required_asterisk\">*<\/span><\/span><\/label><div class='ginput_container ginput_container_textarea'><textarea name='input_3' id='input_1_3' class='textarea medium'     aria-required=\"true\" aria-invalid=\"false\"   rows='10' cols='50'><\/textarea><\/div><\/li><\/ul><\/div>\n        <div class='gform-footer gform_footer top_label'> <input type='submit' id='gform_submit_button_1' class='gform_button button' onclick='gform.submission.handleButtonClick(this);' data-submission-type='submit' value='Envoyer'  \/> <input type='hidden' name='gform_ajax' value='form_id=1&amp;title=&amp;description=&amp;tabindex=0&amp;theme=legacy&amp;styles=[]&amp;hash=9e43ecc91193c2ca63df907426c23440' \/>\n            <input type='hidden' class='gform_hidden' name='gform_submission_method' data-js='gform_submission_method_1' value='iframe' \/>\n            <input type='hidden' class='gform_hidden' name='gform_theme' data-js='gform_theme_1' id='gform_theme_1' value='legacy' \/>\n            <input type='hidden' class='gform_hidden' name='gform_style_settings' data-js='gform_style_settings_1' id='gform_style_settings_1' value='[]' \/>\n            <input type='hidden' class='gform_hidden' name='is_submit_1' value='1' \/>\n            <input type='hidden' class='gform_hidden' name='gform_submit' value='1' \/>\n            \n            <input type='hidden' class='gform_hidden' name='gform_currency' data-currency='EUR' value='vvKkBilqTU63Nf2RMb2oe3ibU3EiCa8nbHwEEn1migwGUT3i4aypo8+MigjlQxyY05Q6WcE7Rqiu7J773x7aKaJh9hqCdms1Y1OEu6JGH+aaqLw=' \/>\n            <input type='hidden' class='gform_hidden' name='gform_unique_id' value='' \/>\n            <input type='hidden' class='gform_hidden' name='state_1' value='WyJbXSIsImY3NmVjOWU2MmI3NTYzMGQ3ZDRkNzRhOGE1YjRmMWY2Il0=' \/>\n            <input type='hidden' autocomplete='off' class='gform_hidden' name='gform_target_page_number_1' id='gform_target_page_number_1' value='0' \/>\n            <input type='hidden' autocomplete='off' class='gform_hidden' name='gform_source_page_number_1' id='gform_source_page_number_1' value='1' \/>\n            <input type='hidden' name='gform_field_values' value='' \/>\n            \n        <\/div>\n                        <\/form>\n                        <\/div>\n\t\t                <iframe style='display:none;width:0px;height:0px;' src='about:blank' name='gform_ajax_frame_1' id='gform_ajax_frame_1' title='This iframe contains the logic required to handle Ajax powered Gravity Forms.'><\/iframe>\n\t\t                <script>\ngform.initializeOnLoaded( function() {gformInitSpinner( 1, 'https:\/\/armeedusalut.be\/liege\/wp-content\/plugins\/gravityforms\/images\/spinner.svg', true );jQuery('#gform_ajax_frame_1').on('load',function(){var contents = jQuery(this).contents().find('*').html();var is_postback = contents.indexOf('GF_AJAX_POSTBACK') >= 0;if(!is_postback){return;}var form_content = jQuery(this).contents().find('#gform_wrapper_1');var is_confirmation = jQuery(this).contents().find('#gform_confirmation_wrapper_1').length > 0;var is_redirect = contents.indexOf('gformRedirect(){') >= 0;var is_form = form_content.length > 0 && ! is_redirect && ! is_confirmation;var mt = parseInt(jQuery('html').css('margin-top'), 10) + parseInt(jQuery('body').css('margin-top'), 10) + 100;if(is_form){jQuery('#gform_wrapper_1').html(form_content.html());if(form_content.hasClass('gform_validation_error')){jQuery('#gform_wrapper_1').addClass('gform_validation_error');} else {jQuery('#gform_wrapper_1').removeClass('gform_validation_error');}setTimeout( function() { \/* delay the scroll by 50 milliseconds to fix a bug in chrome *\/ jQuery(document).scrollTop(jQuery('#gform_wrapper_1').offset().top - mt); }, 50 );if(window['gformInitDatepicker']) {gformInitDatepicker();}if(window['gformInitPriceFields']) {gformInitPriceFields();}var current_page = jQuery('#gform_source_page_number_1').val();gformInitSpinner( 1, 'https:\/\/armeedusalut.be\/liege\/wp-content\/plugins\/gravityforms\/images\/spinner.svg', true );jQuery(document).trigger('gform_page_loaded', [1, current_page]);window['gf_submitting_1'] = false;}else if(!is_redirect){var confirmation_content = jQuery(this).contents().find('.GF_AJAX_POSTBACK').html();if(!confirmation_content){confirmation_content = contents;}jQuery('#gform_wrapper_1').replaceWith(confirmation_content);jQuery(document).scrollTop(jQuery('#gf_1').offset().top - mt);jQuery(document).trigger('gform_confirmation_loaded', [1]);window['gf_submitting_1'] = false;wp.a11y.speak(jQuery('#gform_confirmation_message_1').text());}else{jQuery('#gform_1').append(contents);if(window['gformRedirect']) {gformRedirect();}}jQuery(document).trigger(\"gform_pre_post_render\", [{ formId: \"1\", currentPage: \"current_page\", abort: function() { this.preventDefault(); } }]);        if (event && event.defaultPrevented) {                return;        }        const gformWrapperDiv = document.getElementById( \"gform_wrapper_1\" );        if ( gformWrapperDiv ) {            const visibilitySpan = document.createElement( \"span\" );            visibilitySpan.id = \"gform_visibility_test_1\";            gformWrapperDiv.insertAdjacentElement( \"afterend\", visibilitySpan );        }        const visibilityTestDiv = document.getElementById( \"gform_visibility_test_1\" );        let postRenderFired = false;        function triggerPostRender() {            if ( postRenderFired ) {                return;            }            postRenderFired = true;            gform.core.triggerPostRenderEvents( 1, current_page );            if ( visibilityTestDiv ) {                visibilityTestDiv.parentNode.removeChild( visibilityTestDiv );            }        }        function debounce( func, wait, immediate ) {            var timeout;            return function() {                var context = this, args = arguments;                var later = function() {                    timeout = null;                    if ( !immediate ) func.apply( context, args );                };                var callNow = immediate && !timeout;                clearTimeout( timeout );                timeout = setTimeout( later, wait );                if ( callNow ) func.apply( context, args );            };        }        const debouncedTriggerPostRender = debounce( function() {            triggerPostRender();        }, 200 );        if ( visibilityTestDiv && visibilityTestDiv.offsetParent === null ) {            const observer = new MutationObserver( ( mutations ) => {                mutations.forEach( ( mutation ) => {                    if ( mutation.type === 'attributes' && visibilityTestDiv.offsetParent !== null ) {                        debouncedTriggerPostRender();                        observer.disconnect();                    }                });            });            observer.observe( document.body, {                attributes: true,                childList: false,                subtree: true,                attributeFilter: [ 'style', 'class' ],            });        } else {            triggerPostRender();        }    } );} );\n<\/script>\n<\/div>[\/vc_column][vc_column width=\u00a0\u00bb1\/2&Prime; el_id=\u00a0\u00bbdon\u00a0\u00bb][vc_gmaps link=\u00a0\u00bb#E-8_JTNDaWZyYW1lJTIwc3JjJTNEJTIyaHR0cHMlM0ElMkYlMkZ3d3cuZ29vZ2xlLmNvbSUyRm1hcHMlMkZlbWJlZCUzRnBiJTNEJTIxMW0xOCUyMTFtMTIlMjExbTMlMjExZDI1MzEuNzY3MDc5MTEwNjQ1JTIxMmQ1LjYxMDc4OTU1MTk1OTkxNyUyMTNkNTAuNjEyODY1NDc5Mzk3MzklMjEybTMlMjExZjAlMjEyZjAlMjEzZjAlMjEzbTIlMjExaTEwMjQlMjEyaTc2OCUyMTRmMTMuMSUyMTNtMyUyMTFtMiUyMTFzMHg0N2MwZjczYjczZGUwZThiJTI1M0EweGY1MTJhZjYwNWEyZGRlYmMlMjEyc1F1YWklMjUyMGRlcyUyNTIwQXJkZW5uZXMlMjUyMDE5MiUyNTJDJTI1MjA0MDMyJTI1MjBMaSUyNUMzJTI1QThnZSUyNTJDJTI1MjBCZWxnaXVtJTIxNWUwJTIxM20yJTIxMXNlbiUyMTJzdXMlMjE0djE1ODgxNzYyMzQ3MzMlMjE1bTIlMjExc2VuJTIxMnN1cyUyMiUyMHdpZHRoJTNEJTIyNjAwJTIyJTIwaGVpZ2h0JTNEJTIyNDUwJTIyJTIwZnJhbWVib3JkZXIlM0QlMjIwJTIyJTIwc3R5bGUlM0QlMjJib3JkZXIlM0EwJTNCJTIyJTIwYWxsb3dmdWxsc2NyZWVuJTNEJTIyJTIyJTIwYXJpYS1oaWRkZW4lM0QlMjJmYWxzZSUyMiUyMHRhYmluZGV4JTNEJTIyMCUyMiUzRSUzQyUyRmlmcmFtZSUzRQ==\u00a0\u00bb css=\u00a0\u00bb.vc_custom_1588176242173{padding-bottom: 20px !important;}\u00a0\u00bb][vc_column_text css=\u00a0\u00bb.vc_custom_1588176230225{padding-top: 25px !important;padding-right: 25px !important;padding-bottom: 25px !important;padding-left: 25px !important;background-color: #f9f9f9 !important;}\u00a0\u00bb]Centre Communautaire<br \/>\nLieutenants Micha\u00ebl et Marie DRUART<\/p>\n<p>192 Quai des Ardennes<br \/>\n4032 Li\u00e8ge &#8211; Ch\u00ean\u00e9e<\/p>\n<p>+ 32 (0)4\/34 10495<\/p>\n<p>Courriel : posteliege@armeedusalut.be[\/vc_column_text][vc_column_text text_align=\u00a0\u00bbcenter\u00a0\u00bb]\n<div id=\"e54cb0d3c7562a511\" class=\"panel-collapse collapse in\">\n<blockquote>\n<div class=\"panel-body toggle-content\">Une personne , c\u2019est un peu comme un paysage. Si vous l\u2019aimez vraiment, vous n\u2019avez pas besoin qu\u2019elle soit tout le temps au beau fixe pour l\u2019aimer. F. Garagon<\/div>\n<\/blockquote>\n<\/div>\n[\/vc_column_text][\/vc_column][\/vc_row]\n<\/div>","protected":false},"excerpt":{"rendered":"<p>[vc_row full_width=\u00a0\u00bbstretch_row\u00a0\u00bb content_placement=\u00a0\u00bbmiddle\u00a0\u00bb wpex_bg_overlay=\u00a0\u00bbdark\u00a0\u00bb remove_bottom_col_margin=\u00a0\u00bbtrue\u00a0\u00bb wpex_post_thumbnail_bg=\u00a0\u00bbtrue\u00a0\u00bb min_height=\u00a0\u00bb450&Prime; css=\u00a0\u00bb.vc_custom_1579251758370{background-position: center !important;background-repeat: no-repeat !important;background-size: cover !important;}\u00a0\u00bb wpex_bg_position=\u00a0\u00bbcenter center\u00a0\u00bb el_class=\u00a0\u00bbsalut-sites\u00a0\u00bb wpex_bg_overlay_color=\u00a0\u00bb#3f3f3f\u00a0\u00bb wpex_bg_overlay_opacity=\u00a0\u00bb.45&Prime;][vc_column][\/vc_column][\/vc_row][vc_row full_width=\u00a0\u00bbstretch_row\u00a0\u00bb content_placement=\u00a0\u00bbmiddle\u00a0\u00bb remove_bottom_col_margin=\u00a0\u00bbtrue\u00a0\u00bb css=\u00a0\u00bb.vc_custom_1588772540729{margin-bottom: 40px !important;padding-top: 20px !important;padding-bottom: 15px !important;background-color: #e21e26 !important;}\u00a0\u00bb][vc_column][\/vc_column][\/vc_row][vc_row full_width=\u00a0\u00bbstretch_row\u00a0\u00bb remove_bottom_col_margin=\u00a0\u00bbtrue\u00a0\u00bb local_scroll_id=\u00a0\u00bbhistoire\u00a0\u00bb css=\u00a0\u00bb.vc_custom_1588762064926{padding-top: 70px !important;padding-bottom: 50px !important;}\u00a0\u00bb][vc_column width=\u00a0\u00bb1\/2&Prime;][vc_column_text css=\u00a0\u00bb.vc_custom_1685439153317{padding-bottom: 25px !important;}\u00a0\u00bb visibility=\u00a0\u00bb\u00a0\u00bb font_size=\u00a0\u00bb\u00a0\u00bb line_height=\u00a0\u00bb\u00a0\u00bb letter_spacing=\u00a0\u00bb\u00a0\u00bb font_weight=\u00a0\u00bb\u00a0\u00bb text_transform=\u00a0\u00bb\u00a0\u00bb responsive_text_min_max=\u00a0\u00bb\u00a0\u00bb] Notre mission L\u2019Arm\u00e9e du Salut&hellip;<\/p>\n","protected":false},"author":25,"featured_media":855,"parent":0,"menu_order":0,"comment_status":"closed","ping_status":"closed","template":"","meta":{"footnotes":""},"class_list":["post-704","page","type-page","status-publish","has-post-thumbnail","hentry","entry","has-media"],"_links":{"self":[{"href":"https:\/\/armeedusalut.be\/liege\/wp-json\/wp\/v2\/pages\/704","targetHints":{"allow":["GET"]}}],"collection":[{"href":"https:\/\/armeedusalut.be\/liege\/wp-json\/wp\/v2\/pages"}],"about":[{"href":"https:\/\/armeedusalut.be\/liege\/wp-json\/wp\/v2\/types\/page"}],"author":[{"embeddable":true,"href":"https:\/\/armeedusalut.be\/liege\/wp-json\/wp\/v2\/users\/25"}],"replies":[{"embeddable":true,"href":"https:\/\/armeedusalut.be\/liege\/wp-json\/wp\/v2\/comments?post=704"}],"version-history":[{"count":8,"href":"https:\/\/armeedusalut.be\/liege\/wp-json\/wp\/v2\/pages\/704\/revisions"}],"predecessor-version":[{"id":1237,"href":"https:\/\/armeedusalut.be\/liege\/wp-json\/wp\/v2\/pages\/704\/revisions\/1237"}],"wp:featuredmedia":[{"embeddable":true,"href":"https:\/\/armeedusalut.be\/liege\/wp-json\/wp\/v2\/media\/855"}],"wp:attachment":[{"href":"https:\/\/armeedusalut.be\/liege\/wp-json\/wp\/v2\/media?parent=704"}],"curies":[{"name":"wp","href":"https:\/\/api.w.org\/{rel}","templated":true}]}}