{"id":778,"date":"2020-05-06T13:47:07","date_gmt":"2020-05-06T13:47:07","guid":{"rendered":"https:\/\/armeedusalut.be\/liege\/?page_id=778"},"modified":"2020-05-07T09:48:05","modified_gmt":"2020-05-07T09:48:05","slug":"covid19","status":"publish","type":"page","link":"https:\/\/armeedusalut.be\/liege\/covid19\/","title":{"rendered":"COVID19"},"content":{"rendered":"<div class=\"wpb-content-wrapper\">[vc_row full_width=\u00a0\u00bbstretch_row\u00a0\u00bb content_placement=\u00a0\u00bbmiddle\u00a0\u00bb remove_bottom_col_margin=\u00a0\u00bbtrue\u00a0\u00bb wpex_bg_overlay=\u00a0\u00bbdark\u00a0\u00bb wpex_post_thumbnail_bg=\u00a0\u00bbtrue\u00a0\u00bb min_height=\u00a0\u00bb450&Prime; css=\u00a0\u00bb.vc_custom_1579251758370{background-position: center !important;background-repeat: no-repeat !important;background-size: cover !important;}\u00a0\u00bb wpex_bg_position=\u00a0\u00bbcenter center\u00a0\u00bb el_class=\u00a0\u00bbsalut-sites\u00a0\u00bb wpex_bg_overlay_color=\u00a0\u00bb#3f3f3f\u00a0\u00bb wpex_bg_overlay_opacity=\u00a0\u00bb.45&Prime;][vc_column]<style>.vcex-heading.vcex_69f589e32a67e{color:#ffffff;font-size:40px;text-transform:uppercase;line-height:60px;}<\/style><h1 class=\"vcex-heading vcex-heading-plain vcex-module wpex-heading wpex-text-2xl wpex-text-center vcex_69f589e32a67e\"><span class=\"vcex-heading-inner wpex-inline-block\">COVID19<\/span><\/h1>[\/vc_column][\/vc_row][vc_row full_width=\u00a0\u00bbstretch_row\u00a0\u00bb content_placement=\u00a0\u00bbmiddle\u00a0\u00bb remove_bottom_col_margin=\u00a0\u00bbtrue\u00a0\u00bb css=\u00a0\u00bb.vc_custom_1588772540729{margin-bottom: 40px !important;padding-top: 20px !important;padding-bottom: 15px !important;background-color: #e21e26 !important;}\u00a0\u00bb][vc_column]<style>.vcex-multi-buttons.vcex_69f589e32a9da .theme-button,.vcex-multi-buttons.vcex_69f589e32a9da .theme-txt-link{padding-inline:20px;border-radius:2px;}<\/style><div class=\"vcex-multi-buttons wpex-flex wpex-flex-wrap wpex-items-center wpex-gap-10 wpex-justify-end salut-sitenav vcex-small-screen-full-width vcex_69f589e32a9da\"><a href=\"https:\/\/armeedusalut.be\/liege\/covid19\" class=\"theme-button flat white outline-transparent local-scroll-link wpex-text-center vcex-count-1\">COVID19<\/a><a href=\"https:\/\/armeedusalut.be\/liege\/page-pour-les-benevoles\/\" title=\"Page pour les b\u00e9n\u00e9voles\" class=\"theme-button flat white outline-transparent local-scroll-link wpex-text-center vcex-count-2\">Extranet<\/a><a href=\"https:\/\/armeedusalut.be\/liege\/douche\/\" title=\"Page pour les b\u00e9n\u00e9voles\" class=\"theme-button flat white outline-transparent local-scroll-link wpex-text-center vcex-count-3\">R\u00e9server une douche<\/a><a href=\"https:\/\/armeedusalut.be\/liege\/faire-un-don\" class=\"theme-button outline white local-scroll-link wpex-text-center vcex-count-4\">Faire un don<\/a><\/div>[\/vc_column][\/vc_row][vc_row full_width=\u00a0\u00bbstretch_row\u00a0\u00bb css=\u00a0\u00bb.vc_custom_1588762096103{padding-top: 70px !important;padding-bottom: 40px !important;background-color: #ffffff !important;}\u00a0\u00bb local_scroll_id=\u00a0\u00bbespace\u00a0\u00bb][vc_column width=\u00a0\u00bb2\/3&Prime;][vc_column_text css=\u00a0\u00bb.vc_custom_1588772785238{padding-bottom: 25px !important;}\u00a0\u00bb el_id=\u00a0\u00bbdon\u00a0\u00bb]\n<h2>Urgence COVID19<\/h2>\n[\/vc_column_text][vc_column_text text_align=\u00a0\u00bbcenter\u00a0\u00bb]\n<div id=\"e54cb0d3c7562a511\" class=\"panel-collapse collapse in\">\n<div class=\"panel-body toggle-content\">\n<p style=\"text-align: left;\">Nous sommes face \u00e0 une crise sans pr\u00e9c\u00e9dent qui touche le monde entier \u2026<\/p>\n<p style=\"text-align: left;\">L\u2019Arm\u00e9e du Salut de Li\u00e8ge se mobilise et n\u2019oublie pas ceux qui sont dans le besoin.<\/p>\n<p style=\"text-align: left;\"><em><strong>TRAVAIL SOCIAL<\/strong><\/em><\/p>\n<ul style=\"text-align: left;\">\n<li><strong>Tous les jours \u00e0 12h<\/strong>, r\u00e9serv\u00e9 aux sdf, aux familles d\u00e9munies, au 3\u00e8me \u00e2ge, <strong>repas social sur inscription<\/strong> par t\u00e9l\u00e9phone au <a href=\"tel:04.3410495\" target=\"_blank\" rel=\"noopener noreferrer\">04.3410495<\/a>\u00a0(appeler du lundi au vendredi 10h-12h) ou par mail 7j\/7 posteliege@armeedusalut.be<\/li>\n<\/ul>\n<ul style=\"text-align: left;\">\n<li>Possibilit\u00e9 pour les <strong>sdf, sur inscription et suivant horaire<\/strong>, de venir prendre <strong><em>une douche<\/em><\/strong>. Sur <strong>inscription uniquement\u00a0<\/strong>\u00a0<a href=\"tel:04.3410495\" target=\"_blank\" rel=\"noopener noreferrer\">04.3410495<\/a>\u00a0(appeler du lundi au vendredi 10h-12h) ou\u00a0via le site \u00e0 cette adresse\u00a0<a href=\"https:\/\/armeedusalut.be\/liege\/douche\">https:\/\/armeedusalut.be\/liege\/douche<\/a>\n<ul>\n<li>Jour des douches : mardi, jeudi et samedi entre 9h00 et 11h45<\/li>\n<li>Temps d\u2019utilisation des douches 20 minutes par personne<\/li>\n<li>Possibilit\u00e9 de recevoir des v\u00eatements, couverture, \u2026<\/li>\n<\/ul>\n<\/li>\n<\/ul>\n<ul style=\"text-align: left;\">\n<li>Nous <strong>assurons<\/strong> <strong>la livraison des denr\u00e9es sur sites<\/strong> (gare des Guillemins) et la l<strong>ivraison \u00e0 domicile<\/strong> pour les personnes \u00e2g\u00e9es.\u00a0t\u00e9l\u00e9phone au\u00a0<a href=\"tel:04.3410495\" target=\"_blank\" rel=\"noopener noreferrer\">04.3410495<\/a>\u00a0(appeler du lundi au vendredi 10h-12h) ou par mail 7j\/7 posteliege@armeedusalut.be<\/li>\n<\/ul>\n<p style=\"text-align: left;\"><b><i>Notre mission chr\u00e9tienne<\/i><\/b><\/p>\n<ul style=\"text-align: left;\">\n<li>Pour vous <strong>accompagner<\/strong> pendant cette p\u00e9riode de confinement, <strong>la communaut\u00e9 protestante <\/strong>propose <strong>en direct<\/strong> sur notre cha\u00eene <strong><a href=\"https:\/\/www.youtube.com\/channel\/UCbQ6P5Anl6EjSRlK2DvEXZQ\" target=\"_blank\" rel=\"noopener noreferrer\">youtube<\/a>\u00a0<\/strong>(possibilit\u00e9 de r\u00e9\u00e9couter plus tard)\n<ul>\n<li>Chaque <strong>Mercredi \u00e0 20h<\/strong> \u2013 Pri\u00e8res ensemble<\/li>\n<li>Chaque <strong>Vendredi \u00e0 19h30<\/strong>\u00a0 \u2013 Lecture biblique anim\u00e9<\/li>\n<li>Chaque <strong>Dimanche \u00e0 10h30<\/strong> \u2013 Pr\u00e9dication<\/li>\n<li>Besoin d\u2019un entretien avec un aum\u00f4nnier, contactez-nous par mail\u00a0posteliege@armeedusalut.be<\/li>\n<\/ul>\n<\/li>\n<\/ul>\n<p style=\"text-align: left;\"><strong><em>\u00ab\u00a0C\u2019est dans le calme et la confiance que sera notre force\u00a0\u00bb<\/em><\/strong> Es 30,15<\/p>\n<\/div>\n<\/div>\n[\/vc_column_text][\/vc_column][vc_column width=\u00a0\u00bb1\/3&Prime;][vc_single_image image=\u00a0\u00bb763&Prime;][\/vc_column][\/vc_row][vc_row full_width=\u00a0\u00bbstretch_row\u00a0\u00bb remove_bottom_col_margin=\u00a0\u00bbtrue\u00a0\u00bb css=\u00a0\u00bb.vc_custom_1585900210308{padding-top: 50px !important;padding-bottom: 50px !important;background-color: #f0f0ee !important;}\u00a0\u00bb local_scroll_id=\u00a0\u00bbcontact\u00a0\u00bb][vc_column width=\u00a0\u00bb1\/2&Prime;]<h2 class=\"vcex-heading vcex-heading-plain vcex-module wpex-heading wpex-text-2xl\"><span class=\"vcex-heading-inner wpex-inline-block\">Contact<\/span><\/h2><div class=\"vcex-form-shortcode vcex-module wpex-form wpex-m-auto wpex-max-w-100 full-width-input\"><script>\nvar gform;gform||(document.addEventListener(\"gform_main_scripts_loaded\",function(){gform.scriptsLoaded=!0}),document.addEventListener(\"gform\/theme\/scripts_loaded\",function(){gform.themeScriptsLoaded=!0}),window.addEventListener(\"DOMContentLoaded\",function(){gform.domLoaded=!0}),gform={domLoaded:!1,scriptsLoaded:!1,themeScriptsLoaded:!1,isFormEditor:()=>\"function\"==typeof InitializeEditor,callIfLoaded:function(o){return!(!gform.domLoaded||!gform.scriptsLoaded||!gform.themeScriptsLoaded&&!gform.isFormEditor()||(gform.isFormEditor()&&console.warn(\"The use of gform.initializeOnLoaded() is deprecated in the form editor context and will be removed in Gravity Forms 3.1.\"),o(),0))},initializeOnLoaded:function(o){gform.callIfLoaded(o)||(document.addEventListener(\"gform_main_scripts_loaded\",()=>{gform.scriptsLoaded=!0,gform.callIfLoaded(o)}),document.addEventListener(\"gform\/theme\/scripts_loaded\",()=>{gform.themeScriptsLoaded=!0,gform.callIfLoaded(o)}),window.addEventListener(\"DOMContentLoaded\",()=>{gform.domLoaded=!0,gform.callIfLoaded(o)}))},hooks:{action:{},filter:{}},addAction:function(o,r,e,t){gform.addHook(\"action\",o,r,e,t)},addFilter:function(o,r,e,t){gform.addHook(\"filter\",o,r,e,t)},doAction:function(o){gform.doHook(\"action\",o,arguments)},applyFilters:function(o){return gform.doHook(\"filter\",o,arguments)},removeAction:function(o,r){gform.removeHook(\"action\",o,r)},removeFilter:function(o,r,e){gform.removeHook(\"filter\",o,r,e)},addHook:function(o,r,e,t,n){null==gform.hooks[o][r]&&(gform.hooks[o][r]=[]);var d=gform.hooks[o][r];null==n&&(n=r+\"_\"+d.length),gform.hooks[o][r].push({tag:n,callable:e,priority:t=null==t?10:t})},doHook:function(r,o,e){var t;if(e=Array.prototype.slice.call(e,1),null!=gform.hooks[r][o]&&((o=gform.hooks[r][o]).sort(function(o,r){return o.priority-r.priority}),o.forEach(function(o){\"function\"!=typeof(t=o.callable)&&(t=window[t]),\"action\"==r?t.apply(null,e):e[0]=t.apply(null,e)})),\"filter\"==r)return e[0]},removeHook:function(o,r,t,n){var e;null!=gform.hooks[o][r]&&(e=(e=gform.hooks[o][r]).filter(function(o,r,e){return!!(null!=n&&n!=o.tag||null!=t&&t!=o.priority)}),gform.hooks[o][r]=e)}});\n<\/script>\n\n                <div class='gf_browser_gecko gform_wrapper gform_legacy_markup_wrapper gform-theme--no-framework' data-form-theme='legacy' data-form-index='0' id='gform_wrapper_1' ><div id='gf_1' class='gform_anchor' tabindex='-1'><\/div><form method='post' enctype='multipart\/form-data' target='gform_ajax_frame_1' id='gform_1'  action='\/liege\/wp-json\/wp\/v2\/pages\/778#gf_1' data-formid='1' novalidate>\n                        <div class='gform-body gform_body'><ul id='gform_fields_1' class='gform_fields top_label form_sublabel_below description_below validation_below'><li id=\"field_1_1\" class=\"gfield gfield--type-name gfield_contains_required field_sublabel_hidden_label gfield--no-description field_description_below field_validation_below gfield_visibility_visible\"  ><label class='gfield_label gform-field-label gfield_label_before_complex' >Votre nom<span class=\"gfield_required\"><span class=\"gfield_required gfield_required_asterisk\">*<\/span><\/span><\/label><div class='ginput_complex ginput_container ginput_container--name no_prefix has_first_name no_middle_name no_last_name no_suffix gf_name_has_1 ginput_container_name gform-grid-row' id='input_1_1'>\n                            \n                            <span id='input_1_1_3_container' class='name_first gform-grid-col gform-grid-col--size-auto' >\n                                                    <input type='text' name='input_1.3' id='input_1_1_3' value=''   aria-required='true'     \/>\n                                                    <label for='input_1_1_3' class='gform-field-label gform-field-label--type-sub hidden_sub_label screen-reader-text'>First<\/label>\n                                                <\/span>\n                            \n                            \n                            \n                        <\/div><\/li><li id=\"field_1_4\" class=\"gfield gfield--type-phone field_sublabel_below gfield--no-description field_description_below field_validation_below gfield_visibility_visible\"  ><label class='gfield_label gform-field-label' for='input_1_4'>Num\u00e9ro de t\u00e9l\u00e9phone<\/label><div class='ginput_container ginput_container_phone'><input name='input_4' id='input_1_4' type='tel' value='' class='medium'    aria-invalid=\"false\"   \/><\/div><\/li><li id=\"field_1_2\" class=\"gfield gfield--type-email gfield_contains_required field_sublabel_below gfield--no-description field_description_below field_validation_below gfield_visibility_visible\"  ><label class='gfield_label gform-field-label' for='input_1_2'>Adresse Mail<span class=\"gfield_required\"><span class=\"gfield_required gfield_required_asterisk\">*<\/span><\/span><\/label><div class='ginput_container ginput_container_email'>\n                            <input name='input_2' id='input_1_2' type='email' value='' class='medium'    aria-required=\"true\" aria-invalid=\"false\"  \/>\n                        <\/div><\/li><li id=\"field_1_5\" class=\"gfield gfield--type-text field_sublabel_below gfield--no-description field_description_below field_validation_below gfield_visibility_visible\"  ><label class='gfield_label gform-field-label' for='input_1_5'>Entreprise<\/label><div class='ginput_container ginput_container_text'><input name='input_5' id='input_1_5' type='text' value='' class='medium'      aria-invalid=\"false\"   \/><\/div><\/li><li id=\"field_1_3\" class=\"gfield gfield--type-textarea gfield_contains_required field_sublabel_below gfield--no-description field_description_below field_validation_below gfield_visibility_visible\"  ><label class='gfield_label gform-field-label' for='input_1_3'>Message<span class=\"gfield_required\"><span class=\"gfield_required gfield_required_asterisk\">*<\/span><\/span><\/label><div class='ginput_container ginput_container_textarea'><textarea name='input_3' id='input_1_3' class='textarea medium'     aria-required=\"true\" aria-invalid=\"false\"   rows='10' cols='50'><\/textarea><\/div><\/li><\/ul><\/div>\n        <div class='gform-footer gform_footer top_label'> <input type='submit' id='gform_submit_button_1' class='gform_button button' onclick='gform.submission.handleButtonClick(this);' data-submission-type='submit' value='Envoyer'  \/> <input type='hidden' name='gform_ajax' value='form_id=1&amp;title=&amp;description=&amp;tabindex=0&amp;theme=legacy&amp;styles=[]&amp;hash=9e43ecc91193c2ca63df907426c23440' \/>\n            <input type='hidden' class='gform_hidden' name='gform_submission_method' data-js='gform_submission_method_1' value='iframe' \/>\n            <input type='hidden' class='gform_hidden' name='gform_theme' data-js='gform_theme_1' id='gform_theme_1' value='legacy' \/>\n            <input type='hidden' class='gform_hidden' name='gform_style_settings' data-js='gform_style_settings_1' id='gform_style_settings_1' value='[]' \/>\n            <input type='hidden' class='gform_hidden' name='is_submit_1' value='1' \/>\n            <input type='hidden' class='gform_hidden' name='gform_submit' value='1' \/>\n            \n            <input type='hidden' class='gform_hidden' name='gform_currency' data-currency='EUR' value='KtFkbzojbQ2ODMbMhjZ8pm9rx0eLZVOSm6A7X9gPT67Y3nydHhh6nNUCqO1hWBzxTULXNcG50VWU0Z+dmTYq13qemiGa9UbZQV9aHtBosUVABUM=' \/>\n            <input type='hidden' class='gform_hidden' name='gform_unique_id' value='' \/>\n            <input type='hidden' class='gform_hidden' name='state_1' value='WyJbXSIsImY3NmVjOWU2MmI3NTYzMGQ3ZDRkNzRhOGE1YjRmMWY2Il0=' \/>\n            <input type='hidden' autocomplete='off' class='gform_hidden' name='gform_target_page_number_1' id='gform_target_page_number_1' value='0' \/>\n            <input type='hidden' autocomplete='off' class='gform_hidden' name='gform_source_page_number_1' id='gform_source_page_number_1' value='1' \/>\n            <input type='hidden' name='gform_field_values' value='' \/>\n            \n        <\/div>\n                        <\/form>\n                        <\/div>\n\t\t                <iframe style='display:none;width:0px;height:0px;' src='about:blank' name='gform_ajax_frame_1' id='gform_ajax_frame_1' title='This iframe contains the logic required to handle Ajax powered Gravity Forms.'><\/iframe>\n\t\t                <script>\ngform.initializeOnLoaded( function() {gformInitSpinner( 1, 'https:\/\/armeedusalut.be\/liege\/wp-content\/plugins\/gravityforms\/images\/spinner.svg', true );jQuery('#gform_ajax_frame_1').on('load',function(){var contents = jQuery(this).contents().find('*').html();var is_postback = contents.indexOf('GF_AJAX_POSTBACK') >= 0;if(!is_postback){return;}var form_content = jQuery(this).contents().find('#gform_wrapper_1');var is_confirmation = jQuery(this).contents().find('#gform_confirmation_wrapper_1').length > 0;var is_redirect = contents.indexOf('gformRedirect(){') >= 0;var is_form = form_content.length > 0 && ! is_redirect && ! is_confirmation;var mt = parseInt(jQuery('html').css('margin-top'), 10) + parseInt(jQuery('body').css('margin-top'), 10) + 100;if(is_form){jQuery('#gform_wrapper_1').html(form_content.html());if(form_content.hasClass('gform_validation_error')){jQuery('#gform_wrapper_1').addClass('gform_validation_error');} else {jQuery('#gform_wrapper_1').removeClass('gform_validation_error');}setTimeout( function() { \/* delay the scroll by 50 milliseconds to fix a bug in chrome *\/ jQuery(document).scrollTop(jQuery('#gform_wrapper_1').offset().top - mt); }, 50 );if(window['gformInitDatepicker']) {gformInitDatepicker();}if(window['gformInitPriceFields']) {gformInitPriceFields();}var current_page = jQuery('#gform_source_page_number_1').val();gformInitSpinner( 1, 'https:\/\/armeedusalut.be\/liege\/wp-content\/plugins\/gravityforms\/images\/spinner.svg', true );jQuery(document).trigger('gform_page_loaded', [1, current_page]);window['gf_submitting_1'] = false;}else if(!is_redirect){var confirmation_content = jQuery(this).contents().find('.GF_AJAX_POSTBACK').html();if(!confirmation_content){confirmation_content = contents;}jQuery('#gform_wrapper_1').replaceWith(confirmation_content);jQuery(document).scrollTop(jQuery('#gf_1').offset().top - mt);jQuery(document).trigger('gform_confirmation_loaded', [1]);window['gf_submitting_1'] = false;wp.a11y.speak(jQuery('#gform_confirmation_message_1').text());}else{jQuery('#gform_1').append(contents);if(window['gformRedirect']) {gformRedirect();}}jQuery(document).trigger(\"gform_pre_post_render\", [{ formId: \"1\", currentPage: \"current_page\", abort: function() { this.preventDefault(); } }]);        if (event && event.defaultPrevented) {                return;        }        const gformWrapperDiv = document.getElementById( \"gform_wrapper_1\" );        if ( gformWrapperDiv ) {            const visibilitySpan = document.createElement( \"span\" );            visibilitySpan.id = \"gform_visibility_test_1\";            gformWrapperDiv.insertAdjacentElement( \"afterend\", visibilitySpan );        }        const visibilityTestDiv = document.getElementById( \"gform_visibility_test_1\" );        let postRenderFired = false;        function triggerPostRender() {            if ( postRenderFired ) {                return;            }            postRenderFired = true;            gform.core.triggerPostRenderEvents( 1, current_page );            if ( visibilityTestDiv ) {                visibilityTestDiv.parentNode.removeChild( visibilityTestDiv );            }        }        function debounce( func, wait, immediate ) {            var timeout;            return function() {                var context = this, args = arguments;                var later = function() {                    timeout = null;                    if ( !immediate ) func.apply( context, args );                };                var callNow = immediate && !timeout;                clearTimeout( timeout );                timeout = setTimeout( later, wait );                if ( callNow ) func.apply( context, args );            };        }        const debouncedTriggerPostRender = debounce( function() {            triggerPostRender();        }, 200 );        if ( visibilityTestDiv && visibilityTestDiv.offsetParent === null ) {            const observer = new MutationObserver( ( mutations ) => {                mutations.forEach( ( mutation ) => {                    if ( mutation.type === 'attributes' && visibilityTestDiv.offsetParent !== null ) {                        debouncedTriggerPostRender();                        observer.disconnect();                    }                });            });            observer.observe( document.body, {                attributes: true,                childList: false,                subtree: true,                attributeFilter: [ 'style', 'class' ],            });        } else {            triggerPostRender();        }    } );} );\n<\/script>\n<\/div>[\/vc_column][vc_column width=\u00a0\u00bb1\/2&Prime; el_id=\u00a0\u00bbdon\u00a0\u00bb][vc_gmaps link=\u00a0\u00bb#E-8_JTNDaWZyYW1lJTIwc3JjJTNEJTIyaHR0cHMlM0ElMkYlMkZ3d3cuZ29vZ2xlLmNvbSUyRm1hcHMlMkZlbWJlZCUzRnBiJTNEJTIxMW0xOCUyMTFtMTIlMjExbTMlMjExZDI1MzEuNzY3MDc5MTEwNjQ1JTIxMmQ1LjYxMDc4OTU1MTk1OTkxNyUyMTNkNTAuNjEyODY1NDc5Mzk3MzklMjEybTMlMjExZjAlMjEyZjAlMjEzZjAlMjEzbTIlMjExaTEwMjQlMjEyaTc2OCUyMTRmMTMuMSUyMTNtMyUyMTFtMiUyMTFzMHg0N2MwZjczYjczZGUwZThiJTI1M0EweGY1MTJhZjYwNWEyZGRlYmMlMjEyc1F1YWklMjUyMGRlcyUyNTIwQXJkZW5uZXMlMjUyMDE5MiUyNTJDJTI1MjA0MDMyJTI1MjBMaSUyNUMzJTI1QThnZSUyNTJDJTI1MjBCZWxnaXVtJTIxNWUwJTIxM20yJTIxMXNlbiUyMTJzdXMlMjE0djE1ODgxNzYyMzQ3MzMlMjE1bTIlMjExc2VuJTIxMnN1cyUyMiUyMHdpZHRoJTNEJTIyNjAwJTIyJTIwaGVpZ2h0JTNEJTIyNDUwJTIyJTIwZnJhbWVib3JkZXIlM0QlMjIwJTIyJTIwc3R5bGUlM0QlMjJib3JkZXIlM0EwJTNCJTIyJTIwYWxsb3dmdWxsc2NyZWVuJTNEJTIyJTIyJTIwYXJpYS1oaWRkZW4lM0QlMjJmYWxzZSUyMiUyMHRhYmluZGV4JTNEJTIyMCUyMiUzRSUzQyUyRmlmcmFtZSUzRQ==\u00a0\u00bb css=\u00a0\u00bb.vc_custom_1588176242173{padding-bottom: 20px !important;}\u00a0\u00bb][vc_column_text css=\u00a0\u00bb.vc_custom_1588176230225{padding-top: 25px !important;padding-right: 25px !important;padding-bottom: 25px !important;padding-left: 25px !important;background-color: #f9f9f9 !important;}\u00a0\u00bb]Centre Communautaire<br \/>\nLieutenants Micha\u00ebl et Marie DRUART<\/p>\n<p>192 Quai des Ardennes<br \/>\n4032 Li\u00e8ge &#8211; Ch\u00ean\u00e9e<\/p>\n<p>+ 32 (0)4\/34 10495<\/p>\n<p>Courriel : posteliege@armeedusalut.be[\/vc_column_text][vc_column_text text_align=\u00a0\u00bbcenter\u00a0\u00bb]\n<div id=\"e54cb0d3c7562a511\" class=\"panel-collapse collapse in\">\n<blockquote>\n<div class=\"panel-body toggle-content\">Une personne , c\u2019est un peu comme un paysage. Si vous l\u2019aimez vraiment, vous n\u2019avez pas besoin qu\u2019elle soit tout le temps au beau fixe pour l\u2019aimer. F. Garagon<\/div>\n<\/blockquote>\n<\/div>\n[\/vc_column_text][\/vc_column][\/vc_row]\n<\/div>","protected":false},"excerpt":{"rendered":"<p>[vc_row full_width=\u00a0\u00bbstretch_row\u00a0\u00bb content_placement=\u00a0\u00bbmiddle\u00a0\u00bb remove_bottom_col_margin=\u00a0\u00bbtrue\u00a0\u00bb wpex_bg_overlay=\u00a0\u00bbdark\u00a0\u00bb wpex_post_thumbnail_bg=\u00a0\u00bbtrue\u00a0\u00bb min_height=\u00a0\u00bb450&Prime; css=\u00a0\u00bb.vc_custom_1579251758370{background-position: center !important;background-repeat: no-repeat !important;background-size: cover !important;}\u00a0\u00bb wpex_bg_position=\u00a0\u00bbcenter center\u00a0\u00bb el_class=\u00a0\u00bbsalut-sites\u00a0\u00bb wpex_bg_overlay_color=\u00a0\u00bb#3f3f3f\u00a0\u00bb wpex_bg_overlay_opacity=\u00a0\u00bb.45&Prime;][vc_column][\/vc_column][\/vc_row][vc_row full_width=\u00a0\u00bbstretch_row\u00a0\u00bb content_placement=\u00a0\u00bbmiddle\u00a0\u00bb remove_bottom_col_margin=\u00a0\u00bbtrue\u00a0\u00bb css=\u00a0\u00bb.vc_custom_1588772540729{margin-bottom: 40px !important;padding-top: 20px !important;padding-bottom: 15px !important;background-color: #e21e26 !important;}\u00a0\u00bb][vc_column][\/vc_column][\/vc_row][vc_row full_width=\u00a0\u00bbstretch_row\u00a0\u00bb css=\u00a0\u00bb.vc_custom_1588762096103{padding-top: 70px !important;padding-bottom: 40px !important;background-color: #ffffff !important;}\u00a0\u00bb local_scroll_id=\u00a0\u00bbespace\u00a0\u00bb][vc_column width=\u00a0\u00bb2\/3&Prime;][vc_column_text css=\u00a0\u00bb.vc_custom_1588772785238{padding-bottom: 25px !important;}\u00a0\u00bb el_id=\u00a0\u00bbdon\u00a0\u00bb] Urgence COVID19 [\/vc_column_text][vc_column_text text_align=\u00a0\u00bbcenter\u00a0\u00bb] Nous sommes face \u00e0 une crise&hellip;<\/p>\n","protected":false},"author":25,"featured_media":452,"parent":0,"menu_order":0,"comment_status":"closed","ping_status":"closed","template":"","meta":{"footnotes":""},"class_list":["post-778","page","type-page","status-publish","has-post-thumbnail","hentry","entry","has-media"],"_links":{"self":[{"href":"https:\/\/armeedusalut.be\/liege\/wp-json\/wp\/v2\/pages\/778","targetHints":{"allow":["GET"]}}],"collection":[{"href":"https:\/\/armeedusalut.be\/liege\/wp-json\/wp\/v2\/pages"}],"about":[{"href":"https:\/\/armeedusalut.be\/liege\/wp-json\/wp\/v2\/types\/page"}],"author":[{"embeddable":true,"href":"https:\/\/armeedusalut.be\/liege\/wp-json\/wp\/v2\/users\/25"}],"replies":[{"embeddable":true,"href":"https:\/\/armeedusalut.be\/liege\/wp-json\/wp\/v2\/comments?post=778"}],"version-history":[{"count":4,"href":"https:\/\/armeedusalut.be\/liege\/wp-json\/wp\/v2\/pages\/778\/revisions"}],"predecessor-version":[{"id":820,"href":"https:\/\/armeedusalut.be\/liege\/wp-json\/wp\/v2\/pages\/778\/revisions\/820"}],"wp:featuredmedia":[{"embeddable":true,"href":"https:\/\/armeedusalut.be\/liege\/wp-json\/wp\/v2\/media\/452"}],"wp:attachment":[{"href":"https:\/\/armeedusalut.be\/liege\/wp-json\/wp\/v2\/media?parent=778"}],"curies":[{"name":"wp","href":"https:\/\/api.w.org\/{rel}","templated":true}]}}