{"id":803,"date":"2020-05-06T17:07:48","date_gmt":"2020-05-06T17:07:48","guid":{"rendered":"https:\/\/armeedusalut.be\/liege\/?page_id=803"},"modified":"2023-05-30T09:48:46","modified_gmt":"2023-05-30T09:48:46","slug":"spiritualite","status":"publish","type":"page","link":"https:\/\/armeedusalut.be\/liege\/spiritualite\/","title":{"rendered":"Notre mission chr\u00e9tienne"},"content":{"rendered":"<div class=\"wpb-content-wrapper\">[vc_row full_width=\u00a0\u00bbstretch_row\u00a0\u00bb content_placement=\u00a0\u00bbmiddle\u00a0\u00bb wpex_bg_overlay=\u00a0\u00bbdark\u00a0\u00bb remove_bottom_col_margin=\u00a0\u00bbtrue\u00a0\u00bb wpex_post_thumbnail_bg=\u00a0\u00bbtrue\u00a0\u00bb min_height=\u00a0\u00bb450&Prime; css=\u00a0\u00bb.vc_custom_1588761781637{background-position: center !important;background-repeat: no-repeat !important;background-size: cover !important;}\u00a0\u00bb wpex_bg_position=\u00a0\u00bbcenter center\u00a0\u00bb el_class=\u00a0\u00bbsalut-sites\u00a0\u00bb wpex_bg_overlay_color=\u00a0\u00bb#3f3f3f\u00a0\u00bb wpex_bg_overlay_opacity=\u00a0\u00bb.45&Prime;][vc_column]<style>.vcex-heading.vcex_69f57fe2c33c1{color:#ffffff;font-size:40px;text-transform:uppercase;line-height:60px;}<\/style><h1 class=\"vcex-heading vcex-heading-plain vcex-module wpex-heading wpex-text-2xl wpex-text-center vcex_69f57fe2c33c1\"><span class=\"vcex-heading-inner wpex-inline-block\">Notre mission chr\u00e9tienne<\/span><\/h1>[\/vc_column][\/vc_row][vc_row full_width=\u00a0\u00bbstretch_row\u00a0\u00bb content_placement=\u00a0\u00bbmiddle\u00a0\u00bb remove_bottom_col_margin=\u00a0\u00bbtrue\u00a0\u00bb css=\u00a0\u00bb.vc_custom_1588772540729{margin-bottom: 40px !important;padding-top: 20px !important;padding-bottom: 15px !important;background-color: #e21e26 !important;}\u00a0\u00bb][vc_column]<style>.vcex-multi-buttons.vcex_69f57fe2c36aa .theme-button,.vcex-multi-buttons.vcex_69f57fe2c36aa .theme-txt-link{padding-inline:20px;border-radius:2px;}<\/style><div class=\"vcex-multi-buttons wpex-flex wpex-flex-wrap wpex-items-center wpex-gap-10 wpex-justify-center salut-sitenav vcex-small-screen-full-width vcex_69f57fe2c36aa\"><a href=\"https:\/\/armeedusalut.be\/liege\/page-pour-les-benevoles\/\" title=\"Page pour les b\u00e9n\u00e9voles\" class=\"theme-button flat white outline-transparent local-scroll-link wpex-text-center vcex-count-1\">Extranet<\/a><a href=\"https:\/\/armeedusalut.be\/liege\/douche\/\" title=\"Page pour les b\u00e9n\u00e9voles\" class=\"theme-button flat white outline-transparent local-scroll-link wpex-text-center vcex-count-2\">R\u00e9server une douche<\/a><a href=\"https:\/\/armeedusalut.be\/liege\/faire-un-don\" class=\"theme-button outline white local-scroll-link wpex-text-center vcex-count-3\">Faire un don<\/a><\/div>[\/vc_column][\/vc_row][vc_row][vc_column width=\u00a0\u00bb1\/2&Prime;]<div class=\"vcex-spacing wpex-w-100 wpex-clear\"><\/div><div class=\"vcex-spacing wpex-w-100 wpex-clear\"><\/div><div class=\"vcex-heading vcex-heading-plain vcex-module wpex-heading wpex-text-2xl wpex-text-center\"><span class=\"vcex-heading-inner wpex-inline-block\">Nous sommes heureux de vous accueillir!<\/span><\/div><div class=\"vcex-spacing wpex-w-100 wpex-clear\"><\/div><div class=\"vcex-spacing wpex-w-100 wpex-clear\"><\/div>[vc_column_text]Tout au long de la semaine, diverses rencontres s&rsquo;offrent \u00e0 vous.<\/p>\n<p>Notre communaut\u00e9 protestante souhaite vous accompagner dans votre d\u00e9marche de foi.<\/p>\n<p>Vous avez la possibilit\u00e9 de venir nous rejoindre sur place, notre adresse: Quai des Ardennes 192, 4032 Ch\u00ean\u00e9e.<\/p>\n<p>Ou nous suivre sur notre cha\u00eene <strong><a href=\"https:\/\/www.youtube.com\/channel\/UCbQ6P5Anl6EjSRlK2DvEXZQ\" target=\"_blank\" rel=\"noreferrer noopener\">youtube<\/a>.<\/strong><\/p>\n<p>Vous d\u00e9sirez participer \u00e0 nos rencontres d&rsquo;\u00e9tude biblique CBS (Community Bible Study)? Rien de plus simple, fa\u00eetes votre demande pour recevoir le lien \u00ab\u00a0Zoom\u00a0\u00bb en contactant <a href=\"mailto:posteliege@armeedusalut.be\">Marie.<\/a><\/p>\n<p><!-- \/wp:post-content --><!-- wp:paragraph -->Besoin d\u2019un entretien avec un aum\u00f4nnier, ou besoin que l&rsquo;on prie pour vous? Contactez-nous par mail <a href=\"mailto:posteliege@armeedusalut.be\">posteliege@armeedusalut.be<\/a><\/p>\n<p>&nbsp;<\/p>\n<p><em><strong>Je me r\u00e9jouis quand on me dit\u00a0: Allons \u00e0 la maison du SEIGNEUR \u00a0!<\/strong><\/em><\/p>\n<p><em><strong>Psaumes 122:1 NBS<\/strong><\/em>[\/vc_column_text]<div class=\"vcex-spacing wpex-w-100 wpex-clear\"><\/div>[\/vc_column][vc_column width=\u00a0\u00bb1\/2&Prime;]<div class=\"vcex-spacing wpex-w-100 wpex-clear\"><\/div><figure class=\"vcex-image vcex-module\"><div class=\"vcex-image-inner wpex-relative wpex-inline-block\"><img width=\"1810\" height=\"2560\" src=\"https:\/\/armeedusalut.be\/liege\/wp-content\/uploads\/sites\/2\/2023\/05\/annonces-hebdomadaire-scaled.jpg\" class=\"vcex-image-img wpex-align-middle\" alt=\"\" loading=\"lazy\" decoding=\"async\" srcset=\"https:\/\/armeedusalut.be\/liege\/wp-content\/uploads\/sites\/2\/2023\/05\/annonces-hebdomadaire-scaled.jpg 1810w, https:\/\/armeedusalut.be\/liege\/wp-content\/uploads\/sites\/2\/2023\/05\/annonces-hebdomadaire-scaled-212x300.jpg 212w, https:\/\/armeedusalut.be\/liege\/wp-content\/uploads\/sites\/2\/2023\/05\/annonces-hebdomadaire-724x1024.jpg 724w, https:\/\/armeedusalut.be\/liege\/wp-content\/uploads\/sites\/2\/2023\/05\/annonces-hebdomadaire-768x1086.jpg 768w, https:\/\/armeedusalut.be\/liege\/wp-content\/uploads\/sites\/2\/2023\/05\/annonces-hebdomadaire-1086x1536.jpg 1086w, https:\/\/armeedusalut.be\/liege\/wp-content\/uploads\/sites\/2\/2023\/05\/annonces-hebdomadaire-1448x2048.jpg 1448w\" sizes=\"auto, (max-width: 1810px) 100vw, 1810px\" \/><\/div><\/figure>[\/vc_column][\/vc_row][vc_row][vc_column]<figure class=\"vcex-image vcex-module\"><div class=\"vcex-image-inner wpex-relative wpex-inline-block\"><img width=\"1520\" height=\"602\" src=\"https:\/\/armeedusalut.be\/liege\/wp-content\/uploads\/sites\/2\/2023\/05\/you-version.png\" class=\"vcex-image-img wpex-align-middle\" alt=\"\" loading=\"lazy\" decoding=\"async\" srcset=\"https:\/\/armeedusalut.be\/liege\/wp-content\/uploads\/sites\/2\/2023\/05\/you-version.png 1520w, https:\/\/armeedusalut.be\/liege\/wp-content\/uploads\/sites\/2\/2023\/05\/you-version-300x119.png 300w, https:\/\/armeedusalut.be\/liege\/wp-content\/uploads\/sites\/2\/2023\/05\/you-version-1024x406.png 1024w, https:\/\/armeedusalut.be\/liege\/wp-content\/uploads\/sites\/2\/2023\/05\/you-version-768x304.png 768w\" sizes=\"auto, (max-width: 1520px) 100vw, 1520px\" \/><\/div><\/figure>[\/vc_column][\/vc_row]\n<\/div>","protected":false},"excerpt":{"rendered":"<p>[vc_row full_width=\u00a0\u00bbstretch_row\u00a0\u00bb content_placement=\u00a0\u00bbmiddle\u00a0\u00bb wpex_bg_overlay=\u00a0\u00bbdark\u00a0\u00bb remove_bottom_col_margin=\u00a0\u00bbtrue\u00a0\u00bb wpex_post_thumbnail_bg=\u00a0\u00bbtrue\u00a0\u00bb min_height=\u00a0\u00bb450&Prime; css=\u00a0\u00bb.vc_custom_1588761781637{background-position: center !important;background-repeat: no-repeat !important;background-size: cover !important;}\u00a0\u00bb wpex_bg_position=\u00a0\u00bbcenter center\u00a0\u00bb el_class=\u00a0\u00bbsalut-sites\u00a0\u00bb wpex_bg_overlay_color=\u00a0\u00bb#3f3f3f\u00a0\u00bb wpex_bg_overlay_opacity=\u00a0\u00bb.45&Prime;][vc_column][\/vc_column][\/vc_row][vc_row full_width=\u00a0\u00bbstretch_row\u00a0\u00bb content_placement=\u00a0\u00bbmiddle\u00a0\u00bb remove_bottom_col_margin=\u00a0\u00bbtrue\u00a0\u00bb css=\u00a0\u00bb.vc_custom_1588772540729{margin-bottom: 40px !important;padding-top: 20px !important;padding-bottom: 15px !important;background-color: #e21e26 !important;}\u00a0\u00bb][vc_column][\/vc_column][\/vc_row][vc_row][vc_column width=\u00a0\u00bb1\/2&Prime;][vc_column_text]Tout au long de la semaine, diverses rencontres s&rsquo;offrent \u00e0 vous. Notre communaut\u00e9 protestante souhaite vous accompagner dans votre d\u00e9marche de foi. Vous avez&hellip;<\/p>\n","protected":false},"author":5,"featured_media":855,"parent":0,"menu_order":0,"comment_status":"closed","ping_status":"closed","template":"","meta":{"footnotes":""},"class_list":["post-803","page","type-page","status-publish","has-post-thumbnail","hentry","entry","has-media"],"_links":{"self":[{"href":"https:\/\/armeedusalut.be\/liege\/wp-json\/wp\/v2\/pages\/803","targetHints":{"allow":["GET"]}}],"collection":[{"href":"https:\/\/armeedusalut.be\/liege\/wp-json\/wp\/v2\/pages"}],"about":[{"href":"https:\/\/armeedusalut.be\/liege\/wp-json\/wp\/v2\/types\/page"}],"author":[{"embeddable":true,"href":"https:\/\/armeedusalut.be\/liege\/wp-json\/wp\/v2\/users\/5"}],"replies":[{"embeddable":true,"href":"https:\/\/armeedusalut.be\/liege\/wp-json\/wp\/v2\/comments?post=803"}],"version-history":[{"count":15,"href":"https:\/\/armeedusalut.be\/liege\/wp-json\/wp\/v2\/pages\/803\/revisions"}],"predecessor-version":[{"id":1240,"href":"https:\/\/armeedusalut.be\/liege\/wp-json\/wp\/v2\/pages\/803\/revisions\/1240"}],"wp:featuredmedia":[{"embeddable":true,"href":"https:\/\/armeedusalut.be\/liege\/wp-json\/wp\/v2\/media\/855"}],"wp:attachment":[{"href":"https:\/\/armeedusalut.be\/liege\/wp-json\/wp\/v2\/media?parent=803"}],"curies":[{"name":"wp","href":"https:\/\/api.w.org\/{rel}","templated":true}]}}